{"id":11097,"date":"2025-06-19T10:46:51","date_gmt":"2025-06-19T14:46:51","guid":{"rendered":"https:\/\/ceramiquegraveline.ca\/?post_type=product&#038;p=11097"},"modified":"2025-06-19T10:46:51","modified_gmt":"2025-06-19T14:46:51","slug":"lagos","status":"publish","type":"product","link":"https:\/\/ceramiquegraveline.ca\/en\/boutique\/lagos\/","title":{"rendered":"Lagos"},"content":{"rendered":"<p>L\u2019essence minimaliste de la nouvelle collection <strong>Lagos<\/strong> s\u2019inspire de la mati\u00e8re organique et min\u00e9rale. D\u2019une allure authentique qui imite la beaut\u00e9 naturelle de la pierre calcaire, cette porcelaine de gr\u00e8s est issue d\u2019une fabrication \u00e9co-responsable et poss\u00e8de des qualit\u00e9s de r\u00e9sistance au gel. <\/p>\n<p>Sizes : 6&#8243; x 12&#8243; &#8211; 12&#8243; x 24&#8243; &#8211; 24\u2033 x 24\u2033 &#8211; 24&#8243; x 48&#8243;<\/p>\n<p>Finish types : Natural &#8211; Lappato &#8211; Stripes &#8211; Diamond<\/p>\n<p>Composition : Porcelain<\/p>\n<p>To check availability, please contact us by phone at 450-774-7795 or by email at info@ceramiquegraveline.ca.<\/p>\n","protected":false},"excerpt":{"rendered":"<p>L\u2019essence minimaliste de la nouvelle collection Lagos s\u2019inspire de la mati\u00e8re organique et min\u00e9rale. D\u2019une allure authentique qui imite la beaut\u00e9 naturelle de la pierre calcaire, cette porcelaine de gr\u00e8s est issue d\u2019une fabrication \u00e9co-responsable  [&#8230;]<\/p>\n","protected":false},"featured_media":11018,"template":"","meta":[],"product_brand":[],"product_cat":[270],"product_tag":[],"class_list":{"0":"post-11097","1":"product","2":"type-product","3":"status-publish","4":"has-post-thumbnail","6":"product_cat-porcelain","8":"first","9":"instock","10":"taxable","11":"shipping-taxable","12":"purchasable","13":"product-type-variable"},"yoast_head":"<!-- This site is optimized with the Yoast SEO plugin v27.5 - https:\/\/yoast.com\/product\/yoast-seo-wordpress\/ -->\n<title>Lagos - C\u00e9ramique Graveline<\/title>\n<meta name=\"robots\" content=\"index, follow, max-snippet:-1, max-image-preview:large, max-video-preview:-1\" \/>\n<link rel=\"canonical\" href=\"https:\/\/ceramiquegraveline.ca\/en\/boutique\/lagos\/\" \/>\n<meta property=\"og:locale\" content=\"en_US\" \/>\n<meta property=\"og:type\" content=\"article\" \/>\n<meta property=\"og:title\" content=\"Lagos - C\u00e9ramique Graveline\" \/>\n<meta property=\"og:description\" content=\"L\u2019essence minimaliste de la nouvelle collection Lagos s\u2019inspire de la mati\u00e8re organique et min\u00e9rale. D\u2019une allure authentique qui imite la beaut\u00e9 naturelle de la pierre calcaire, cette porcelaine de gr\u00e8s est issue d\u2019une fabrication \u00e9co-responsable [...]\" \/>\n<meta property=\"og:url\" content=\"https:\/\/ceramiquegraveline.ca\/en\/boutique\/lagos\/\" \/>\n<meta property=\"og:site_name\" content=\"C\u00e9ramique Graveline\" \/>\n<meta property=\"article:publisher\" content=\"https:\/\/www.facebook.com\/ceramique.graveline\/\" \/>\n<meta property=\"og:image\" content=\"https:\/\/ceramiquegraveline.ca\/wp-content\/uploads\/2025\/06\/lagos2-1024x1024.png\" \/>\n\t<meta property=\"og:image:width\" content=\"1024\" \/>\n\t<meta property=\"og:image:height\" content=\"1024\" \/>\n\t<meta property=\"og:image:type\" content=\"image\/png\" \/>\n<meta name=\"twitter:card\" content=\"summary_large_image\" \/>\n<script type=\"application\/ld+json\" class=\"yoast-schema-graph\">{\"@context\":\"https:\\\/\\\/schema.org\",\"@graph\":[{\"@type\":\"WebPage\",\"@id\":\"https:\\\/\\\/ceramiquegraveline.ca\\\/en\\\/boutique\\\/lagos\\\/\",\"url\":\"https:\\\/\\\/ceramiquegraveline.ca\\\/en\\\/boutique\\\/lagos\\\/\",\"name\":\"Lagos - C\u00e9ramique Graveline\",\"isPartOf\":{\"@id\":\"https:\\\/\\\/ceramiquegraveline.ca\\\/en\\\/#website\"},\"primaryImageOfPage\":{\"@id\":\"https:\\\/\\\/ceramiquegraveline.ca\\\/en\\\/boutique\\\/lagos\\\/#primaryimage\"},\"image\":{\"@id\":\"https:\\\/\\\/ceramiquegraveline.ca\\\/en\\\/boutique\\\/lagos\\\/#primaryimage\"},\"thumbnailUrl\":\"https:\\\/\\\/ceramiquegraveline.ca\\\/wp-content\\\/uploads\\\/2025\\\/06\\\/lagos2.png\",\"datePublished\":\"2025-06-19T14:46:51+00:00\",\"breadcrumb\":{\"@id\":\"https:\\\/\\\/ceramiquegraveline.ca\\\/en\\\/boutique\\\/lagos\\\/#breadcrumb\"},\"inLanguage\":\"en-US\",\"potentialAction\":[{\"@type\":\"ReadAction\",\"target\":[\"https:\\\/\\\/ceramiquegraveline.ca\\\/en\\\/boutique\\\/lagos\\\/\"]}]},{\"@type\":\"ImageObject\",\"inLanguage\":\"en-US\",\"@id\":\"https:\\\/\\\/ceramiquegraveline.ca\\\/en\\\/boutique\\\/lagos\\\/#primaryimage\",\"url\":\"https:\\\/\\\/ceramiquegraveline.ca\\\/wp-content\\\/uploads\\\/2025\\\/06\\\/lagos2.png\",\"contentUrl\":\"https:\\\/\\\/ceramiquegraveline.ca\\\/wp-content\\\/uploads\\\/2025\\\/06\\\/lagos2.png\",\"width\":1200,\"height\":1200},{\"@type\":\"BreadcrumbList\",\"@id\":\"https:\\\/\\\/ceramiquegraveline.ca\\\/en\\\/boutique\\\/lagos\\\/#breadcrumb\",\"itemListElement\":[{\"@type\":\"ListItem\",\"position\":1,\"name\":\"Accueil\",\"item\":\"https:\\\/\\\/ceramiquegraveline.ca\\\/en\\\/home\\\/\"},{\"@type\":\"ListItem\",\"position\":2,\"name\":\"Store\",\"item\":\"https:\\\/\\\/ceramiquegraveline.ca\\\/en\\\/store\\\/\"},{\"@type\":\"ListItem\",\"position\":3,\"name\":\"Lagos\"}]},{\"@type\":\"WebSite\",\"@id\":\"https:\\\/\\\/ceramiquegraveline.ca\\\/en\\\/#website\",\"url\":\"https:\\\/\\\/ceramiquegraveline.ca\\\/en\\\/\",\"name\":\"C\u00e9ramique Graveline\",\"description\":\"L&#039;embarras du choix\",\"potentialAction\":[{\"@type\":\"SearchAction\",\"target\":{\"@type\":\"EntryPoint\",\"urlTemplate\":\"https:\\\/\\\/ceramiquegraveline.ca\\\/en\\\/?s={search_term_string}\"},\"query-input\":{\"@type\":\"PropertyValueSpecification\",\"valueRequired\":true,\"valueName\":\"search_term_string\"}}],\"inLanguage\":\"en-US\"}]}<\/script>\n<!-- \/ Yoast SEO plugin. -->","yoast_head_json":{"title":"Lagos - C\u00e9ramique Graveline","robots":{"index":"index","follow":"follow","max-snippet":"max-snippet:-1","max-image-preview":"max-image-preview:large","max-video-preview":"max-video-preview:-1"},"canonical":"https:\/\/ceramiquegraveline.ca\/en\/boutique\/lagos\/","og_locale":"en_US","og_type":"article","og_title":"Lagos - C\u00e9ramique Graveline","og_description":"L\u2019essence minimaliste de la nouvelle collection Lagos s\u2019inspire de la mati\u00e8re organique et min\u00e9rale. D\u2019une allure authentique qui imite la beaut\u00e9 naturelle de la pierre calcaire, cette porcelaine de gr\u00e8s est issue d\u2019une fabrication \u00e9co-responsable [...]","og_url":"https:\/\/ceramiquegraveline.ca\/en\/boutique\/lagos\/","og_site_name":"C\u00e9ramique Graveline","article_publisher":"https:\/\/www.facebook.com\/ceramique.graveline\/","og_image":[{"width":1024,"height":1024,"url":"https:\/\/ceramiquegraveline.ca\/wp-content\/uploads\/2025\/06\/lagos2-1024x1024.png","type":"image\/png"}],"twitter_card":"summary_large_image","schema":{"@context":"https:\/\/schema.org","@graph":[{"@type":"WebPage","@id":"https:\/\/ceramiquegraveline.ca\/en\/boutique\/lagos\/","url":"https:\/\/ceramiquegraveline.ca\/en\/boutique\/lagos\/","name":"Lagos - C\u00e9ramique Graveline","isPartOf":{"@id":"https:\/\/ceramiquegraveline.ca\/en\/#website"},"primaryImageOfPage":{"@id":"https:\/\/ceramiquegraveline.ca\/en\/boutique\/lagos\/#primaryimage"},"image":{"@id":"https:\/\/ceramiquegraveline.ca\/en\/boutique\/lagos\/#primaryimage"},"thumbnailUrl":"https:\/\/ceramiquegraveline.ca\/wp-content\/uploads\/2025\/06\/lagos2.png","datePublished":"2025-06-19T14:46:51+00:00","breadcrumb":{"@id":"https:\/\/ceramiquegraveline.ca\/en\/boutique\/lagos\/#breadcrumb"},"inLanguage":"en-US","potentialAction":[{"@type":"ReadAction","target":["https:\/\/ceramiquegraveline.ca\/en\/boutique\/lagos\/"]}]},{"@type":"ImageObject","inLanguage":"en-US","@id":"https:\/\/ceramiquegraveline.ca\/en\/boutique\/lagos\/#primaryimage","url":"https:\/\/ceramiquegraveline.ca\/wp-content\/uploads\/2025\/06\/lagos2.png","contentUrl":"https:\/\/ceramiquegraveline.ca\/wp-content\/uploads\/2025\/06\/lagos2.png","width":1200,"height":1200},{"@type":"BreadcrumbList","@id":"https:\/\/ceramiquegraveline.ca\/en\/boutique\/lagos\/#breadcrumb","itemListElement":[{"@type":"ListItem","position":1,"name":"Accueil","item":"https:\/\/ceramiquegraveline.ca\/en\/home\/"},{"@type":"ListItem","position":2,"name":"Store","item":"https:\/\/ceramiquegraveline.ca\/en\/store\/"},{"@type":"ListItem","position":3,"name":"Lagos"}]},{"@type":"WebSite","@id":"https:\/\/ceramiquegraveline.ca\/en\/#website","url":"https:\/\/ceramiquegraveline.ca\/en\/","name":"C\u00e9ramique Graveline","description":"L&#039;embarras du choix","potentialAction":[{"@type":"SearchAction","target":{"@type":"EntryPoint","urlTemplate":"https:\/\/ceramiquegraveline.ca\/en\/?s={search_term_string}"},"query-input":{"@type":"PropertyValueSpecification","valueRequired":true,"valueName":"search_term_string"}}],"inLanguage":"en-US"}]}},"_links":{"self":[{"href":"https:\/\/ceramiquegraveline.ca\/en\/wp-json\/wp\/v2\/product\/11097","targetHints":{"allow":["GET"]}}],"collection":[{"href":"https:\/\/ceramiquegraveline.ca\/en\/wp-json\/wp\/v2\/product"}],"about":[{"href":"https:\/\/ceramiquegraveline.ca\/en\/wp-json\/wp\/v2\/types\/product"}],"wp:featuredmedia":[{"embeddable":true,"href":"https:\/\/ceramiquegraveline.ca\/en\/wp-json\/wp\/v2\/media\/11018"}],"wp:attachment":[{"href":"https:\/\/ceramiquegraveline.ca\/en\/wp-json\/wp\/v2\/media?parent=11097"}],"wp:term":[{"taxonomy":"product_brand","embeddable":true,"href":"https:\/\/ceramiquegraveline.ca\/en\/wp-json\/wp\/v2\/product_brand?post=11097"},{"taxonomy":"product_cat","embeddable":true,"href":"https:\/\/ceramiquegraveline.ca\/en\/wp-json\/wp\/v2\/product_cat?post=11097"},{"taxonomy":"product_tag","embeddable":true,"href":"https:\/\/ceramiquegraveline.ca\/en\/wp-json\/wp\/v2\/product_tag?post=11097"}],"curies":[{"name":"wp","href":"https:\/\/api.w.org\/{rel}","templated":true}]}}