{"id":8880,"date":"2024-08-27T14:16:49","date_gmt":"2024-08-27T18:16:49","guid":{"rendered":"https:\/\/ceramiquegraveline.ca\/?post_type=product&#038;p=8880"},"modified":"2025-03-18T19:44:10","modified_gmt":"2025-03-18T23:44:10","slug":"anima-porcelain","status":"publish","type":"product","link":"https:\/\/ceramiquegraveline.ca\/en\/boutique\/anima-porcelain\/","title":{"rendered":"Anima"},"content":{"rendered":"<p>Cette collection de porcelaine rectifi\u00e9e atteint un \u00e9quilibre parfait entre l&#8217;aspect naturel de la pierre et les qualit\u00e9s industrielles du b\u00e9ton. Sa surface calcaire apparemment uniforme, parsem\u00e9e de petits cailloux, en fait un produit id\u00e9al pour les projets r\u00e9sidentiels ou commerciaux au look contemporain. Offerte en quatre couleurs qui refl\u00e8tent la sensibilit\u00e9 stylistique des nuances et la combinaison des mat\u00e9riaux, Anima est<br \/>\nla trame de fond parfaite pour mettre en valeurs les petits et les grands espaces.  <\/p>\n<p>Sizes : 12&#8243; x 24&#8243; or 24&#8243; x 24&#8243;<\/p>\n<p>Finish type : Matte<\/p>\n<p>Composition : Porcelain<\/p>\n<p>To check availability, please contact us by phone at 450-774-7795 or by email at info@ceramiquegraveline.ca.<\/p>\n","protected":false},"excerpt":{"rendered":"<p>10,69$ \/ft\u00b2<\/p>\n<p>Sold in box of 3 pieces (11,50ft\u00b2)<\/p>\n","protected":false},"featured_media":8861,"template":"","meta":[],"product_brand":[],"product_cat":[323,270],"product_tag":[766],"class_list":{"0":"post-8880","1":"product","2":"type-product","3":"status-publish","4":"has-post-thumbnail","6":"product_cat-centura-en","7":"product_cat-porcelain","8":"product_tag-centura-en","10":"first","11":"instock","12":"sale","13":"taxable","14":"shipping-taxable","15":"purchasable","16":"product-type-variable"},"yoast_head":"<!-- This site is optimized with the Yoast SEO plugin v27.5 - https:\/\/yoast.com\/product\/yoast-seo-wordpress\/ -->\n<title>Anima - C\u00e9ramique Graveline<\/title>\n<meta name=\"robots\" content=\"index, follow, max-snippet:-1, max-image-preview:large, max-video-preview:-1\" \/>\n<link rel=\"canonical\" href=\"https:\/\/ceramiquegraveline.ca\/en\/boutique\/anima-porcelain\/\" \/>\n<meta property=\"og:locale\" content=\"en_US\" \/>\n<meta property=\"og:type\" content=\"article\" \/>\n<meta property=\"og:title\" content=\"Anima - C\u00e9ramique Graveline\" \/>\n<meta property=\"og:description\" content=\"10,69$ \/ft\u00b2 Sold in box of 3 pieces (11,50ft\u00b2)\" \/>\n<meta property=\"og:url\" content=\"https:\/\/ceramiquegraveline.ca\/en\/boutique\/anima-porcelain\/\" \/>\n<meta property=\"og:site_name\" content=\"C\u00e9ramique Graveline\" \/>\n<meta property=\"article:publisher\" content=\"https:\/\/www.facebook.com\/ceramique.graveline\/\" \/>\n<meta property=\"article:modified_time\" content=\"2025-03-18T23:44:10+00:00\" \/>\n<meta property=\"og:image\" content=\"https:\/\/ceramiquegraveline.ca\/wp-content\/uploads\/2024\/08\/anima-porcelaine-tiles-centura-3.jpg\" \/>\n\t<meta property=\"og:image:width\" content=\"1610\" \/>\n\t<meta property=\"og:image:height\" content=\"1208\" \/>\n\t<meta property=\"og:image:type\" content=\"image\/jpeg\" \/>\n<meta name=\"twitter:card\" content=\"summary_large_image\" \/>\n<meta name=\"twitter:label1\" content=\"Est. reading time\" \/>\n\t<meta name=\"twitter:data1\" content=\"1 minute\" \/>\n<script type=\"application\/ld+json\" class=\"yoast-schema-graph\">{\"@context\":\"https:\\\/\\\/schema.org\",\"@graph\":[{\"@type\":\"WebPage\",\"@id\":\"https:\\\/\\\/ceramiquegraveline.ca\\\/en\\\/boutique\\\/anima-porcelain\\\/\",\"url\":\"https:\\\/\\\/ceramiquegraveline.ca\\\/en\\\/boutique\\\/anima-porcelain\\\/\",\"name\":\"Anima - C\u00e9ramique Graveline\",\"isPartOf\":{\"@id\":\"https:\\\/\\\/ceramiquegraveline.ca\\\/en\\\/#website\"},\"primaryImageOfPage\":{\"@id\":\"https:\\\/\\\/ceramiquegraveline.ca\\\/en\\\/boutique\\\/anima-porcelain\\\/#primaryimage\"},\"image\":{\"@id\":\"https:\\\/\\\/ceramiquegraveline.ca\\\/en\\\/boutique\\\/anima-porcelain\\\/#primaryimage\"},\"thumbnailUrl\":\"https:\\\/\\\/ceramiquegraveline.ca\\\/wp-content\\\/uploads\\\/2024\\\/08\\\/anima-porcelaine-tiles-centura-3.jpg\",\"datePublished\":\"2024-08-27T18:16:49+00:00\",\"dateModified\":\"2025-03-18T23:44:10+00:00\",\"breadcrumb\":{\"@id\":\"https:\\\/\\\/ceramiquegraveline.ca\\\/en\\\/boutique\\\/anima-porcelain\\\/#breadcrumb\"},\"inLanguage\":\"en-US\",\"potentialAction\":[{\"@type\":\"ReadAction\",\"target\":[\"https:\\\/\\\/ceramiquegraveline.ca\\\/en\\\/boutique\\\/anima-porcelain\\\/\"]}]},{\"@type\":\"ImageObject\",\"inLanguage\":\"en-US\",\"@id\":\"https:\\\/\\\/ceramiquegraveline.ca\\\/en\\\/boutique\\\/anima-porcelain\\\/#primaryimage\",\"url\":\"https:\\\/\\\/ceramiquegraveline.ca\\\/wp-content\\\/uploads\\\/2024\\\/08\\\/anima-porcelaine-tiles-centura-3.jpg\",\"contentUrl\":\"https:\\\/\\\/ceramiquegraveline.ca\\\/wp-content\\\/uploads\\\/2024\\\/08\\\/anima-porcelaine-tiles-centura-3.jpg\",\"width\":1610,\"height\":1208},{\"@type\":\"BreadcrumbList\",\"@id\":\"https:\\\/\\\/ceramiquegraveline.ca\\\/en\\\/boutique\\\/anima-porcelain\\\/#breadcrumb\",\"itemListElement\":[{\"@type\":\"ListItem\",\"position\":1,\"name\":\"Accueil\",\"item\":\"https:\\\/\\\/ceramiquegraveline.ca\\\/en\\\/home\\\/\"},{\"@type\":\"ListItem\",\"position\":2,\"name\":\"Store\",\"item\":\"https:\\\/\\\/ceramiquegraveline.ca\\\/en\\\/store\\\/\"},{\"@type\":\"ListItem\",\"position\":3,\"name\":\"Anima\"}]},{\"@type\":\"WebSite\",\"@id\":\"https:\\\/\\\/ceramiquegraveline.ca\\\/en\\\/#website\",\"url\":\"https:\\\/\\\/ceramiquegraveline.ca\\\/en\\\/\",\"name\":\"C\u00e9ramique Graveline\",\"description\":\"L&#039;embarras du choix\",\"potentialAction\":[{\"@type\":\"SearchAction\",\"target\":{\"@type\":\"EntryPoint\",\"urlTemplate\":\"https:\\\/\\\/ceramiquegraveline.ca\\\/en\\\/?s={search_term_string}\"},\"query-input\":{\"@type\":\"PropertyValueSpecification\",\"valueRequired\":true,\"valueName\":\"search_term_string\"}}],\"inLanguage\":\"en-US\"}]}<\/script>\n<!-- \/ Yoast SEO plugin. -->","yoast_head_json":{"title":"Anima - C\u00e9ramique Graveline","robots":{"index":"index","follow":"follow","max-snippet":"max-snippet:-1","max-image-preview":"max-image-preview:large","max-video-preview":"max-video-preview:-1"},"canonical":"https:\/\/ceramiquegraveline.ca\/en\/boutique\/anima-porcelain\/","og_locale":"en_US","og_type":"article","og_title":"Anima - C\u00e9ramique Graveline","og_description":"10,69$ \/ft\u00b2 Sold in box of 3 pieces (11,50ft\u00b2)","og_url":"https:\/\/ceramiquegraveline.ca\/en\/boutique\/anima-porcelain\/","og_site_name":"C\u00e9ramique Graveline","article_publisher":"https:\/\/www.facebook.com\/ceramique.graveline\/","article_modified_time":"2025-03-18T23:44:10+00:00","og_image":[{"width":1610,"height":1208,"url":"https:\/\/ceramiquegraveline.ca\/wp-content\/uploads\/2024\/08\/anima-porcelaine-tiles-centura-3.jpg","type":"image\/jpeg"}],"twitter_card":"summary_large_image","twitter_misc":{"Est. reading time":"1 minute"},"schema":{"@context":"https:\/\/schema.org","@graph":[{"@type":"WebPage","@id":"https:\/\/ceramiquegraveline.ca\/en\/boutique\/anima-porcelain\/","url":"https:\/\/ceramiquegraveline.ca\/en\/boutique\/anima-porcelain\/","name":"Anima - C\u00e9ramique Graveline","isPartOf":{"@id":"https:\/\/ceramiquegraveline.ca\/en\/#website"},"primaryImageOfPage":{"@id":"https:\/\/ceramiquegraveline.ca\/en\/boutique\/anima-porcelain\/#primaryimage"},"image":{"@id":"https:\/\/ceramiquegraveline.ca\/en\/boutique\/anima-porcelain\/#primaryimage"},"thumbnailUrl":"https:\/\/ceramiquegraveline.ca\/wp-content\/uploads\/2024\/08\/anima-porcelaine-tiles-centura-3.jpg","datePublished":"2024-08-27T18:16:49+00:00","dateModified":"2025-03-18T23:44:10+00:00","breadcrumb":{"@id":"https:\/\/ceramiquegraveline.ca\/en\/boutique\/anima-porcelain\/#breadcrumb"},"inLanguage":"en-US","potentialAction":[{"@type":"ReadAction","target":["https:\/\/ceramiquegraveline.ca\/en\/boutique\/anima-porcelain\/"]}]},{"@type":"ImageObject","inLanguage":"en-US","@id":"https:\/\/ceramiquegraveline.ca\/en\/boutique\/anima-porcelain\/#primaryimage","url":"https:\/\/ceramiquegraveline.ca\/wp-content\/uploads\/2024\/08\/anima-porcelaine-tiles-centura-3.jpg","contentUrl":"https:\/\/ceramiquegraveline.ca\/wp-content\/uploads\/2024\/08\/anima-porcelaine-tiles-centura-3.jpg","width":1610,"height":1208},{"@type":"BreadcrumbList","@id":"https:\/\/ceramiquegraveline.ca\/en\/boutique\/anima-porcelain\/#breadcrumb","itemListElement":[{"@type":"ListItem","position":1,"name":"Accueil","item":"https:\/\/ceramiquegraveline.ca\/en\/home\/"},{"@type":"ListItem","position":2,"name":"Store","item":"https:\/\/ceramiquegraveline.ca\/en\/store\/"},{"@type":"ListItem","position":3,"name":"Anima"}]},{"@type":"WebSite","@id":"https:\/\/ceramiquegraveline.ca\/en\/#website","url":"https:\/\/ceramiquegraveline.ca\/en\/","name":"C\u00e9ramique Graveline","description":"L&#039;embarras du choix","potentialAction":[{"@type":"SearchAction","target":{"@type":"EntryPoint","urlTemplate":"https:\/\/ceramiquegraveline.ca\/en\/?s={search_term_string}"},"query-input":{"@type":"PropertyValueSpecification","valueRequired":true,"valueName":"search_term_string"}}],"inLanguage":"en-US"}]}},"_links":{"self":[{"href":"https:\/\/ceramiquegraveline.ca\/en\/wp-json\/wp\/v2\/product\/8880","targetHints":{"allow":["GET"]}}],"collection":[{"href":"https:\/\/ceramiquegraveline.ca\/en\/wp-json\/wp\/v2\/product"}],"about":[{"href":"https:\/\/ceramiquegraveline.ca\/en\/wp-json\/wp\/v2\/types\/product"}],"wp:featuredmedia":[{"embeddable":true,"href":"https:\/\/ceramiquegraveline.ca\/en\/wp-json\/wp\/v2\/media\/8861"}],"wp:attachment":[{"href":"https:\/\/ceramiquegraveline.ca\/en\/wp-json\/wp\/v2\/media?parent=8880"}],"wp:term":[{"taxonomy":"product_brand","embeddable":true,"href":"https:\/\/ceramiquegraveline.ca\/en\/wp-json\/wp\/v2\/product_brand?post=8880"},{"taxonomy":"product_cat","embeddable":true,"href":"https:\/\/ceramiquegraveline.ca\/en\/wp-json\/wp\/v2\/product_cat?post=8880"},{"taxonomy":"product_tag","embeddable":true,"href":"https:\/\/ceramiquegraveline.ca\/en\/wp-json\/wp\/v2\/product_tag?post=8880"}],"curies":[{"name":"wp","href":"https:\/\/api.w.org\/{rel}","templated":true}]}}